{"id":9539,"date":"2017-10-03T07:54:42","date_gmt":"2017-10-03T05:54:42","guid":{"rendered":"http:\/\/www.doithosting.net\/marocnow\/?page_id=9539"},"modified":"2017-10-05T09:03:31","modified_gmt":"2017-10-05T07:03:31","slug":"la-securite-des-investissements-au-maroc","status":"publish","type":"page","link":"https:\/\/www.marocnow.ma\/index.php\/le-maroc-en-quelques-mots\/la-securite-des-investissements-au-maroc\/","title":{"rendered":"La s\u00e9curit\u00e9 des investissements au Maroc"},"content":{"rendered":"<p><img loading=\"lazy\" class=\"size-medium wp-image-9573 alignright\" src=\"http:\/\/www.doithosting.net\/marocnow\/wp-content\/uploads\/2017\/10\/img_post-300x300.png\" alt=\"\" width=\"300\" height=\"300\" srcset=\"https:\/\/www.marocnow.ma\/wp-content\/uploads\/2017\/10\/img_post-300x300.png 300w, https:\/\/www.marocnow.ma\/wp-content\/uploads\/2017\/10\/img_post-150x150.png 150w, https:\/\/www.marocnow.ma\/wp-content\/uploads\/2017\/10\/img_post-180x180.png 180w, https:\/\/www.marocnow.ma\/wp-content\/uploads\/2017\/10\/img_post.png 344w\" sizes=\"(max-width: 300px) 100vw, 300px\" \/>Le Maroc a adopt\u00e9 la politique des 3 \u00ab S \u00bb &#8211; S\u00e9curit\u00e9, Stabilit\u00e9, et Souplesse \u2013 pour \u00e9lever son \u00e9conomie, accroitre son attractivit\u00e9 pour les Investissements Directs Etrangers (IDE), dont le volume est en hausse constante et d\u00e9passe d\u00e9j\u00e0 les <b>4 Milliards d\u2019euros:<\/b><\/p>\n<ul>\n<li><b>S\u00e9curit\u00e9 physique et institutionnelle \u00e9tablie: <\/b>Depuis le d\u00e9but des ann\u00e9es 1990, les autorit\u00e9s marocaines ont \u0153uvr\u00e9 \u00e0 <b>lib\u00e9raliser et \u00e0 garantir les investissements \u00e9trangers<\/b>: la Charte de l&#8217;Investissement en 1995, les accords de protection et de promotion des investissements avec 21 pays europ\u00e9ens, 9 pays africains, 5 pays d\u2019Am\u00e9rique et 15 pays d\u2019Asie, conventions de non double imposition avec de nombreux pays, processus d\u2019int\u00e9gration r\u00e9gionale et de libre-\u00e9change avec l\u2019Union europ\u00e9enne, les Etats-Unis, plusieurs pays arabes et d\u2019Afrique. La France reste le premier investisseur du Royaume, suivie des Emirats Arabes Unis et de Singapour.<\/li>\n<li><b>Une stabilit\u00e9 macro\u00e9conomique et politique consolid\u00e9s<\/b> : Consid\u00e9r\u00e9 par les institutions multilat\u00e9rales, FMI ou Banque Mondiale par exemple, comme un \u00ab bon \u00e9l\u00e8ve \u00bb en mati\u00e8re de gestion de son cadre macro\u00e9conomique, le Maroc a choisi d\u2019entreprendre des r\u00e9formes de fond afin de stabiliser ses \u00e9quilibres budg\u00e9taires et renforcer sa r\u00e9silience aux chocs externes. Gage de cette mont\u00e9e en puissance, le d\u00e9ficit commercial du Maroc, structurellement d\u00e9ficitaire, est \u00e0 son plus bas niveau depuis dix ans en 2015, du fait de la double conjonction de l\u2019augmentation des exportations et de la baisse du prix des mati\u00e8res premi\u00e8res.<\/li>\n<li><b>Une souplesse port\u00e9e par les plans sectoriels<\/b> : Depuis le milieu des ann\u00e9es 2000, le Maroc mise sur des plans sectoriels structurants \u2013 dont le r\u00e9cent Plan D\u2019acc\u00e9l\u00e9ration Industriel (PAI)- qui ont permis au pays de red\u00e9finir sa vocation industrielle et de se positionner comme un maillon important sur la cha\u00eene de valeur mondiale des secteurs automobiles, a\u00e9ronautiques, \u00e9lectroniques ou de l\u2019Offshoring. Regroup\u00e9s en M\u00e9tiers Mondiaux du Maroc (MMM), ces secteurs ont fortement contribu\u00e9 \u00e0 la croissance marocaine au cours de la d\u00e9cennie \u00e9coul\u00e9e, avec une moyenne qui frise les 5%. Au coeur de cette strat\u00e9gie, l\u2019adaptabilit\u00e9 et la souplesse afin d\u2019offrir aux investissements le cadre le mieux adapt\u00e9 \u00e0 travers notamment un pack int\u00e9gr\u00e9 d\u2019incitations fiscales et un accompagnement par l\u2019Etat des projets.<\/li>\n<li><b>Un climat des affaires favorable \u2026 <\/b><b>Renvoi \u00e0 la diapo sur ce sujet<\/b><\/li>\n<\/ul>\n","protected":false},"excerpt":{"rendered":"<p>Le Maroc a adopt\u00e9 la politique des 3 \u00ab S \u00bb &#8211; S\u00e9curit\u00e9, Stabilit\u00e9, et Souplesse \u2013 pour \u00e9lever son \u00e9conomie, accroitre son attractivit\u00e9 pour les Investissements Directs Etrangers (IDE), dont le volume est en hausse constante et d\u00e9passe d\u00e9j\u00e0 les 4 Milliards d\u2019euros: S\u00e9curit\u00e9 physique et institutionnelle \u00e9tablie: Depuis le d\u00e9but des ann\u00e9es 1990, [&hellip;]<\/p>\n","protected":false},"author":1,"featured_media":0,"parent":9529,"menu_order":0,"comment_status":"closed","ping_status":"closed","template":"","meta":[],"_links":{"self":[{"href":"https:\/\/www.marocnow.ma\/index.php\/wp-json\/wp\/v2\/pages\/9539"}],"collection":[{"href":"https:\/\/www.marocnow.ma\/index.php\/wp-json\/wp\/v2\/pages"}],"about":[{"href":"https:\/\/www.marocnow.ma\/index.php\/wp-json\/wp\/v2\/types\/page"}],"author":[{"embeddable":true,"href":"https:\/\/www.marocnow.ma\/index.php\/wp-json\/wp\/v2\/users\/1"}],"replies":[{"embeddable":true,"href":"https:\/\/www.marocnow.ma\/index.php\/wp-json\/wp\/v2\/comments?post=9539"}],"version-history":[{"count":2,"href":"https:\/\/www.marocnow.ma\/index.php\/wp-json\/wp\/v2\/pages\/9539\/revisions"}],"predecessor-version":[{"id":9601,"href":"https:\/\/www.marocnow.ma\/index.php\/wp-json\/wp\/v2\/pages\/9539\/revisions\/9601"}],"up":[{"embeddable":true,"href":"https:\/\/www.marocnow.ma\/index.php\/wp-json\/wp\/v2\/pages\/9529"}],"wp:attachment":[{"href":"https:\/\/www.marocnow.ma\/index.php\/wp-json\/wp\/v2\/media?parent=9539"}],"curies":[{"name":"wp","href":"https:\/\/api.w.org\/{rel}","templated":true}]}}