{"id":9529,"date":"2017-10-03T07:53:11","date_gmt":"2017-10-03T05:53:11","guid":{"rendered":"http:\/\/www.doithosting.net\/marocnow\/?page_id=9529"},"modified":"2017-10-05T09:01:53","modified_gmt":"2017-10-05T07:01:53","slug":"le-maroc-en-quelques-mots","status":"publish","type":"page","link":"https:\/\/www.marocnow.ma\/index.php\/le-maroc-en-quelques-mots\/","title":{"rendered":"Le Maroc en quelques mots"},"content":{"rendered":"<ul>\n<li><img loading=\"lazy\" class=\"size-medium wp-image-9573 alignright\" src=\"http:\/\/www.doithosting.net\/marocnow\/wp-content\/uploads\/2017\/10\/img_post-300x300.png\" alt=\"\" width=\"300\" height=\"300\" srcset=\"https:\/\/www.marocnow.ma\/wp-content\/uploads\/2017\/10\/img_post-300x300.png 300w, https:\/\/www.marocnow.ma\/wp-content\/uploads\/2017\/10\/img_post-150x150.png 150w, https:\/\/www.marocnow.ma\/wp-content\/uploads\/2017\/10\/img_post-180x180.png 180w, https:\/\/www.marocnow.ma\/wp-content\/uploads\/2017\/10\/img_post.png 344w\" sizes=\"(max-width: 300px) 100vw, 300px\" \/>Histoire : Fondation de l&#8217;\u00c9tat en 789, Ind\u00e9pendance en 1956,<\/li>\n<li>Rep\u00e8res administratifs et culturels:<\/li>\n<\/ul>\n<p>&#8211; Monarchie constitutionnelle, d\u00e9mocratique, parlementaire et sociale, organis\u00e9e en douze r\u00e9gions, dirig\u00e9es par un wali et un Conseil r\u00e9gional<\/p>\n<p>&#8211; Chef de l\u2019Etat et Commandeur des Croyants\u00a0: le Roi Mohammed VI (intronis\u00e9 le 30 juillet 1999)<\/p>\n<p>&#8211; Chef de gouvernement\u00a0: M.\u00a0Saad Eddine El Othmani (nomm\u00e9 depuis le 5 avril 2017)<\/p>\n<p>&#8211; 2 principaux partis politiques sur un total de 12: Parti de la justice et du d\u00e9veloppement, Parti authenticit\u00e9 et modernit\u00e9<\/p>\n<p>&#8211; Religion(s) : islam sunnite de rite mal\u00e9kite (99 %), christianisme, juda\u00efsme (1 %)<\/p>\n<p>&#8211; Langues officielles\u00a0(l\u2019arabe et l&#8217;amazigh) et langues des affaires (principalement le fran\u00e7ais, l\u2019anglais et l\u2019espagnol)<\/p>\n<p>&#8211; Devise nationale : Dieu, la Patrie, le Roi<\/p>\n<p>-F\u00eate nationale : 30 juillet (F\u00eate du Tr\u00f4ne)<\/p>\n<p>-Monnaie : dirham marocain 1 euro = \u00b1 11,1 MAD<\/p>\n<p>-GMT + 1h en \u00e9t\u00e9<\/p>\n<ul>\n<li>G\u00e9ographie: superficie de 710 850 km2 , (Espagne: 504 030 km2, France: 675 000 km2), densit\u00e9 de 50 hab.\/km\u00b2, zones montagneuses 25 % du territoire, 3446 km de c\u00f4tes, sur la mer M\u00e9diterran\u00e9e 512 km et l&#8217;oc\u00e9an Atlantique 2934 km<\/li>\n<li>D\u00e9mographie: Population: 35 millions d&#8217;habitants, 55% urbaine et 45% rurale, en croissance de 1,5%, esp\u00e9rance de vie : 76 ans, taux d\u2019alphab\u00e9tisation : 67,1% (84% pour les 15-24 ans)<\/li>\n<li>Economie: <b>L\u2018\u00e9conomie marocaine d\u00e9pend reste d\u00e9pendante des performances du secteur agricole<\/b> et de la conjoncture de l&#8217;Union europ\u00e9enne. Le secteur primaire reste \u00e0 ce jour le premier &#8220;employeur du pays&#8221;. On estime qu\u2019environ 40,5 % de la population active d\u00e9pend de cette branche d\u2019activit\u00e9 qui repr\u00e9sentait 16,5 % du PIB en 2013.<\/li>\n<li>Le secteur secondaire (intervenant pour 28,5 % dans le PIB) est port\u00e9 par les activit\u00e9s d\u2019extraction et de transformation du phosphate. Le Maroc se trouve \u00eatre dans une situation tr\u00e8s avantageuse puisque le pays poss\u00e8de les trois-quarts des r\u00e9serves mondiales.<\/li>\n<li>Enfin, le secteur tertiaire repr\u00e9sente 54,8 % du PIB. Aujourd\u2019hui, la part des activit\u00e9s tertiaires dans la valeur ajout\u00e9e totale s\u2019est renforc\u00e9e et repr\u00e9sente l\u2019essentiel du tissu productif national. PIB: 110 milliards de $ en augmentation + 5,17 % (62e), Taux de ch\u00f4mage: 10 % de la population active, 98 % des \u00e9changes internationaux du Maroc s\u2019effectuent par voie maritime repr\u00e9sentant un trafic global d\u2019environ 100 millions de tonnes de marchandises, les principaux produits \u00e0 l\u2019exportation du Maroc sont les v\u00eatements confectionn\u00e9s, les fils et c\u00e2bles pour l\u2019\u00e9lectricit\u00e9, les phosphates et d\u00e9riv\u00e9s de phosphate et plus r\u00e9cemment l\u2019automobile et l\u2019a\u00e9ronautique, les importations marocaines concernent essentiellement les produits \u00e9nerg\u00e9tiques (p\u00e9trole, hydrocarbures), des produits semi transform\u00e9s, les biens d\u2019\u00e9quipement et le bl\u00e9.<\/li>\n<li>Principales villes:<\/li>\n<\/ul>\n<p>&#8211; Rabat (Capitale politique et administrative du royaume, Ville imp\u00e9riale, 0, 6 M\/hab)<\/p>\n<p>&#8211; Casablanca (Capitale \u00e9conomique, p\u00f4le industriel du pays, 3, 4 M\/hab),<\/p>\n<p>&#8211; F\u00e8s (Capitale spirituelle et du savoir, Ville imp\u00e9riale, 1,1 M\/hab),<\/p>\n<p>&#8211; Tanger (1re zone franche, plus grand port de commerce Tanger Med et Tanger Med II, 4 zones industrielles, dont 1 zone franche TFZ, 1 M\/hab),<\/p>\n<p>&#8211; Sal\u00e9 (Ville \u00e0 proximit\u00e9 de Rabat, a\u00e9roport international, 0,85 M\/hab)<\/p>\n<p>&#8211; Marrakech (Ville imp\u00e9riale, 1re ville touristique du royaume, 0,93 M\/hab),<\/p>\n<p>&#8211; Mekn\u00e8s (Ville imp\u00e9riale, Capitale agricole, 0, 632 M\/hab),<\/p>\n<p>&#8211; K\u00e9nitra (P\u00f4le technologique en d\u00e9veloppement, 0,431 M\/hab),<\/p>\n<p>&#8211; Agadir (Ville agricole par excellence, le plus grand port de p\u00eache, 0, 5 M\/hab)<\/p>\n","protected":false},"excerpt":{"rendered":"<p>Histoire : Fondation de l&#8217;\u00c9tat en 789, Ind\u00e9pendance en 1956, Rep\u00e8res administratifs et culturels: &#8211; Monarchie constitutionnelle, d\u00e9mocratique, parlementaire et sociale, organis\u00e9e en douze r\u00e9gions, dirig\u00e9es par un wali et un Conseil r\u00e9gional &#8211; Chef de l\u2019Etat et Commandeur des Croyants\u00a0: le Roi Mohammed VI (intronis\u00e9 le 30 juillet 1999) &#8211; Chef de gouvernement\u00a0: M.\u00a0Saad [&hellip;]<\/p>\n","protected":false},"author":1,"featured_media":0,"parent":0,"menu_order":0,"comment_status":"closed","ping_status":"closed","template":"","meta":[],"_links":{"self":[{"href":"https:\/\/www.marocnow.ma\/index.php\/wp-json\/wp\/v2\/pages\/9529"}],"collection":[{"href":"https:\/\/www.marocnow.ma\/index.php\/wp-json\/wp\/v2\/pages"}],"about":[{"href":"https:\/\/www.marocnow.ma\/index.php\/wp-json\/wp\/v2\/types\/page"}],"author":[{"embeddable":true,"href":"https:\/\/www.marocnow.ma\/index.php\/wp-json\/wp\/v2\/users\/1"}],"replies":[{"embeddable":true,"href":"https:\/\/www.marocnow.ma\/index.php\/wp-json\/wp\/v2\/comments?post=9529"}],"version-history":[{"count":2,"href":"https:\/\/www.marocnow.ma\/index.php\/wp-json\/wp\/v2\/pages\/9529\/revisions"}],"predecessor-version":[{"id":9595,"href":"https:\/\/www.marocnow.ma\/index.php\/wp-json\/wp\/v2\/pages\/9529\/revisions\/9595"}],"wp:attachment":[{"href":"https:\/\/www.marocnow.ma\/index.php\/wp-json\/wp\/v2\/media?parent=9529"}],"curies":[{"name":"wp","href":"https:\/\/api.w.org\/{rel}","templated":true}]}}