{"id":9523,"date":"2017-10-03T07:51:53","date_gmt":"2017-10-03T05:51:53","guid":{"rendered":"http:\/\/www.doithosting.net\/marocnow\/?page_id=9523"},"modified":"2017-10-05T09:01:19","modified_gmt":"2017-10-05T07:01:19","slug":"agriculture","status":"publish","type":"page","link":"https:\/\/www.marocnow.ma\/index.php\/opportunites-daffaires-au-maroc\/agriculture\/","title":{"rendered":"Agriculture"},"content":{"rendered":"<ul>\n<li><u><b><img loading=\"lazy\" class=\"size-medium wp-image-9573 alignright\" src=\"http:\/\/www.doithosting.net\/marocnow\/wp-content\/uploads\/2017\/10\/img_post-300x300.png\" alt=\"\" width=\"300\" height=\"300\" srcset=\"https:\/\/www.marocnow.ma\/wp-content\/uploads\/2017\/10\/img_post-300x300.png 300w, https:\/\/www.marocnow.ma\/wp-content\/uploads\/2017\/10\/img_post-150x150.png 150w, https:\/\/www.marocnow.ma\/wp-content\/uploads\/2017\/10\/img_post-180x180.png 180w, https:\/\/www.marocnow.ma\/wp-content\/uploads\/2017\/10\/img_post.png 344w\" sizes=\"(max-width: 300px) 100vw, 300px\" \/>Le secteur agricole au Maroc et ses immenses proportions.<\/b><\/u><\/li>\n<li>Le secteur Agricole au Maroc g\u00e9n\u00e8re 14 % du PIB et demeure le premier pourvoyeur d\u2019emplois du pays (40 % de la population).<\/li>\n<li>La surface agricole du Maroc est estim\u00e9e \u00e0 8 700 000 hectares (12,25 % de la superficie totale du pays).<\/li>\n<li>Les principales productions v\u00e9g\u00e9tales du pays sont constitu\u00e9es par les c\u00e9r\u00e9ales (bl\u00e9, orge), les agrumes (oranges, cl\u00e9mentines), les olives, les rosac\u00e9es fruiti\u00e8res (amandes, pommes, abricots\u2026), les betteraves \u00e0 sucre, les l\u00e9gumineuses alimentaires, les cultures maraich\u00e8res dont les pommes de terre et les tomates. L\u2019\u00e9levage (ovin, caprin, bovin, camelin, avicole) constitue aussi une composante importante du secteur agricole.<\/li>\n<li>Le gouvernement marocain, a lanc\u00e9 en avril 2008 : \u00ab Plan Maroc Vert \u00bb (PMV). Le but : replacer l\u2019agriculture au rang des premi\u00e8res priorit\u00e9s du pays pour les dix ans \u00e0 venir, apte \u00e0 \u00eatre un moteur performant afin de lutter contre la pauvret\u00e9 et maintenir une population importante en milieu rural.<\/li>\n<li>Politique de subventions : jusqu\u2019\u00e0 100 % pour des projets d\u2019irrigation, de 20 \u00e0 60 % pour l\u2019\u00e9quipement d\u2019exploitations (fili\u00e8re v\u00e9g\u00e9tales et animales) et des subventions forfaitaires par hectare dans le cadre de projets d\u2019agr\u00e9gation (de 250 MAD \u00e0 5 000 MAD\/ha).<\/li>\n<li>Politique d\u2019investissement: 10 milliards de Dirhams annuellement\u00a0au profit du secteur agricole \u00e0 l&#8217;horizon 2020.<\/li>\n<li>Deux approches d&#8217;intervention diff\u00e9renci\u00e9es sont retenues pour la mise en \u0153uvre de projets du Plan Maroc Vert.<\/li>\n<li>Les projets Pilier I qui reposent sur l&#8217;investissement priv\u00e9 et ciblant les zones \u00e0 fort potentiel agricole, visent le d\u00e9veloppement d&#8217;une agriculture moderne \u00e0 haute productivit\u00e9 ou \u00e0 forte valeur ajout\u00e9e. Ces projets pr\u00e9voient un investissement de 70 Milliards de dirhams au profit de pr\u00e8s de 560 000 agriculteurs cibles.<\/li>\n<li>Les projets Pilier II qui reposent sur une intervention directe de l&#8217;Etat, visent la relance de l&#8217;agriculture traditionnelle ou solidaire dans les r\u00e9gions d\u00e9favoris\u00e9es. 20 Milliards de dirhams d&#8217;investissements sont pr\u00e9vus \u00e0 l&#8217;horizon 2020 au profit de 840 000 agriculteurs b\u00e9n\u00e9ficiaires.<\/li>\n<li>Ainsi, le secteur agricole offre d&#8217;importantes opportunit\u00e9s d&#8217;investissement aux op\u00e9rateurs \u00e9conomiques \u00e0 tous les niveaux de la cha\u00eene de valeur \u00e0 savoir, la production, la valorisation, la commercialisation et l&#8217;export en passant par la logistique et le traitement et la valorisation des sous-produits de l&#8217;agro-industrie.<\/li>\n<li>Le Maroc offre des opportunit\u00e9s en mati\u00e8re d&#8217;investissement dans le secteur agricole et notamment dans les domaines ci-apr\u00e8s :<\/li>\n<li>La location des terres agricoles dans le cadre du Partenariat Public Priv\u00e9<\/li>\n<li>La prise participation au capital des soci\u00e9t\u00e9s concern\u00e9es par le Partenariat Public Priv\u00e9<\/li>\n<li>La prise en charge des unit\u00e9s de valorisation mises en place dans le cadre des projets pilier II<\/li>\n<li>Ces opportunit\u00e9s sont appuy\u00e9es par la mise en place d&#8217;un environnement favorable \u00e0 l&#8217;investissement dans le secteur agricole \u00e0 travers :<\/li>\n<li>Les incitations financi\u00e8res accord\u00e9es dans le cadre du Fonds de D\u00e9veloppement Agricole<\/li>\n<li>La mise en place d&#8217;un syst\u00e8me d&#8217;assurance agricole<\/li>\n<li>L&#8217;accompagnement des institutions financi\u00e8res<\/li>\n<li>L&#8217;instauration d&#8217;un cadre juridique de l&#8217;agr\u00e9gation agricole<\/li>\n<li>La mise en place des agropoles<\/li>\n<li>La facilitation de l&#8217;acc\u00e8s des produits agricoles au march\u00e9 international<\/li>\n<li><u><b>Salons de r\u00e9f\u00e9rence<\/b><\/u>:<\/li>\n<li><b>Pour en savoir plus, <\/b><u><b>nous contacter<\/b><\/u><\/li>\n<\/ul>\n","protected":false},"excerpt":{"rendered":"<p>Le secteur agricole au Maroc et ses immenses proportions. Le secteur Agricole au Maroc g\u00e9n\u00e8re 14 % du PIB et demeure le premier pourvoyeur d\u2019emplois du pays (40 % de la population). La surface agricole du Maroc est estim\u00e9e \u00e0 8 700 000 hectares (12,25 % de la superficie totale du pays). Les principales productions [&hellip;]<\/p>\n","protected":false},"author":1,"featured_media":0,"parent":9499,"menu_order":0,"comment_status":"closed","ping_status":"closed","template":"","meta":[],"_links":{"self":[{"href":"https:\/\/www.marocnow.ma\/index.php\/wp-json\/wp\/v2\/pages\/9523"}],"collection":[{"href":"https:\/\/www.marocnow.ma\/index.php\/wp-json\/wp\/v2\/pages"}],"about":[{"href":"https:\/\/www.marocnow.ma\/index.php\/wp-json\/wp\/v2\/types\/page"}],"author":[{"embeddable":true,"href":"https:\/\/www.marocnow.ma\/index.php\/wp-json\/wp\/v2\/users\/1"}],"replies":[{"embeddable":true,"href":"https:\/\/www.marocnow.ma\/index.php\/wp-json\/wp\/v2\/comments?post=9523"}],"version-history":[{"count":3,"href":"https:\/\/www.marocnow.ma\/index.php\/wp-json\/wp\/v2\/pages\/9523\/revisions"}],"predecessor-version":[{"id":9593,"href":"https:\/\/www.marocnow.ma\/index.php\/wp-json\/wp\/v2\/pages\/9523\/revisions\/9593"}],"up":[{"embeddable":true,"href":"https:\/\/www.marocnow.ma\/index.php\/wp-json\/wp\/v2\/pages\/9499"}],"wp:attachment":[{"href":"https:\/\/www.marocnow.ma\/index.php\/wp-json\/wp\/v2\/media?parent=9523"}],"curies":[{"name":"wp","href":"https:\/\/api.w.org\/{rel}","templated":true}]}}