{"id":9521,"date":"2017-10-03T07:51:35","date_gmt":"2017-10-03T05:51:35","guid":{"rendered":"http:\/\/www.doithosting.net\/marocnow\/?page_id=9521"},"modified":"2017-10-05T09:00:27","modified_gmt":"2017-10-05T07:00:27","slug":"ntic","status":"publish","type":"page","link":"https:\/\/www.marocnow.ma\/index.php\/ntic\/","title":{"rendered":"NTIC"},"content":{"rendered":"<ul>\n<li><img loading=\"lazy\" class=\"size-medium wp-image-9573 alignright\" src=\"http:\/\/www.doithosting.net\/marocnow\/wp-content\/uploads\/2017\/10\/img_post-300x300.png\" alt=\"\" width=\"300\" height=\"300\" srcset=\"https:\/\/www.marocnow.ma\/wp-content\/uploads\/2017\/10\/img_post-300x300.png 300w, https:\/\/www.marocnow.ma\/wp-content\/uploads\/2017\/10\/img_post-150x150.png 150w, https:\/\/www.marocnow.ma\/wp-content\/uploads\/2017\/10\/img_post-180x180.png 180w, https:\/\/www.marocnow.ma\/wp-content\/uploads\/2017\/10\/img_post.png 344w\" sizes=\"(max-width: 300px) 100vw, 300px\" \/>Le secteur des nouvelles technologies de l\u2019information et de la communication est encore r\u00e9cent au Maroc. Toutefois, il constitue un axe strat\u00e9gique de d\u00e9veloppement.<\/li>\n<li>Les PME offrent des opportunit\u00e9s d\u2019affaires int\u00e9ressantes. Face \u00e0 une concurrence locale et internationale d\u00e9j\u00e0 bien implant\u00e9e, des solutions innovantes ou proposant une v\u00e9ritable valeur ajout\u00e9e peuvent trouver des d\u00e9bouch\u00e9s.<\/li>\n<li>En parall\u00e8le, le commerce \u00e9lectronique au Maroc conna\u00eet un essor consid\u00e9rable. Le secteur est porteur et est appel\u00e9 \u00e0 se d\u00e9velopper davantage dans les prochaines ann\u00e9es. De 9 000 transactions seulement en 2008, il a \u00e9t\u00e9 enregistr\u00e9 2 millions de transactions en 2013, pour un chiffre d\u2019affaires de 1,36 Md MAD (123 M EUR).<\/li>\n<li>Le Maroc a adopt\u00e9 la loi n\u00b0 09-08 sur la protection des personnes physiques \u00e0 l&#8217;\u00e9gard du traitement des donn\u00e9es \u00e0 caract\u00e8re personnel, et ce, afin de se mettre en conformit\u00e9 avec la l\u00e9gislation europ\u00e9enne, et notamment de permettre le transfert des donn\u00e9es personnelles de l\u2019Union europ\u00e9enne vers le Maroc.<\/li>\n<li><u><b>Salons de r\u00e9f\u00e9rence<\/b><\/u>:<\/li>\n<li><b>Pour en savoir plus, <\/b><u><b>nous contacter<\/b><\/u><\/li>\n<\/ul>\n","protected":false},"excerpt":{"rendered":"<p>Le secteur des nouvelles technologies de l\u2019information et de la communication est encore r\u00e9cent au Maroc. Toutefois, il constitue un axe strat\u00e9gique de d\u00e9veloppement. Les PME offrent des opportunit\u00e9s d\u2019affaires int\u00e9ressantes. Face \u00e0 une concurrence locale et internationale d\u00e9j\u00e0 bien implant\u00e9e, des solutions innovantes ou proposant une v\u00e9ritable valeur ajout\u00e9e peuvent trouver des d\u00e9bouch\u00e9s. En [&hellip;]<\/p>\n","protected":false},"author":1,"featured_media":0,"parent":0,"menu_order":0,"comment_status":"closed","ping_status":"closed","template":"","meta":[],"_links":{"self":[{"href":"https:\/\/www.marocnow.ma\/index.php\/wp-json\/wp\/v2\/pages\/9521"}],"collection":[{"href":"https:\/\/www.marocnow.ma\/index.php\/wp-json\/wp\/v2\/pages"}],"about":[{"href":"https:\/\/www.marocnow.ma\/index.php\/wp-json\/wp\/v2\/types\/page"}],"author":[{"embeddable":true,"href":"https:\/\/www.marocnow.ma\/index.php\/wp-json\/wp\/v2\/users\/1"}],"replies":[{"embeddable":true,"href":"https:\/\/www.marocnow.ma\/index.php\/wp-json\/wp\/v2\/comments?post=9521"}],"version-history":[{"count":2,"href":"https:\/\/www.marocnow.ma\/index.php\/wp-json\/wp\/v2\/pages\/9521\/revisions"}],"predecessor-version":[{"id":9592,"href":"https:\/\/www.marocnow.ma\/index.php\/wp-json\/wp\/v2\/pages\/9521\/revisions\/9592"}],"wp:attachment":[{"href":"https:\/\/www.marocnow.ma\/index.php\/wp-json\/wp\/v2\/media?parent=9521"}],"curies":[{"name":"wp","href":"https:\/\/api.w.org\/{rel}","templated":true}]}}