{"id":9511,"date":"2017-10-03T07:49:55","date_gmt":"2017-10-03T05:49:55","guid":{"rendered":"http:\/\/www.doithosting.net\/marocnow\/?page_id=9511"},"modified":"2017-10-05T08:59:17","modified_gmt":"2017-10-05T06:59:17","slug":"traitement-de-leau-et-des-dechets","status":"publish","type":"page","link":"https:\/\/www.marocnow.ma\/index.php\/le-maroc-en-quelques-mots\/traitement-de-leau-et-des-dechets\/","title":{"rendered":"Traitement de l&#8217;eau et des d\u00e9chets"},"content":{"rendered":"<ul>\n<li><img loading=\"lazy\" class=\"size-medium wp-image-9573 alignright\" src=\"http:\/\/www.doithosting.net\/marocnow\/wp-content\/uploads\/2017\/10\/img_post-300x300.png\" alt=\"\" width=\"300\" height=\"300\" srcset=\"https:\/\/www.marocnow.ma\/wp-content\/uploads\/2017\/10\/img_post-300x300.png 300w, https:\/\/www.marocnow.ma\/wp-content\/uploads\/2017\/10\/img_post-150x150.png 150w, https:\/\/www.marocnow.ma\/wp-content\/uploads\/2017\/10\/img_post-180x180.png 180w, https:\/\/www.marocnow.ma\/wp-content\/uploads\/2017\/10\/img_post.png 344w\" sizes=\"(max-width: 300px) 100vw, 300px\" \/>Le volume des d\u00e9chets produits au Maroc a plus que doubl\u00e9 depuis un demi-si\u00e8cle et devrait atteindre 12 millions de tonnes en 2020.<\/li>\n<li>De nombreux programmes en cours de mise en \u0153uvre ont pour objet d&#8217;am\u00e9liorer structurellement les modes de gestion dans les domaines du traitement de l&#8217;eau et des d\u00e9chets.<\/li>\n<li>Il s&#8217;agit, pour l&#8217;eau, du Programme d&#8217;am\u00e9lioration de la grande irrigation (PAGI), du Plan national d&#8217;assainissement liquide (PNA) et du Programme d&#8217;approvisionnement group\u00e9 en eau potable des populations rurales (PAGER).<\/li>\n<li>Pour ce qui concerne la gestion des d\u00e9chets, le Plan national pour les d\u00e9chets m\u00e9nagers (PNDM), le Plan Directeur National de la gestion des D\u00e9chets Dangereux (PNDD), ainsi que le Fonds de d\u00e9pollution industrielle (FODEP) ont \u00e9t\u00e9 lanc\u00e9s pour diminuer l&#8217;impact de cette source de pollution sur l&#8217;environnement. Un Plan de traitement des d\u00e9charges publiques a \u00e9t\u00e9 lanc\u00e9: l\u2019objectif est d\u2019acc\u00e9l\u00e9rer le rythme d&#8217;am\u00e9nagement des d\u00e9charges contr\u00f4l\u00e9es, par la cr\u00e9ation de 44 nouvelles d\u00e9charges et la reconversion des 300 d\u00e9charges sauvages, et, d\u2019atteindre un taux de collecte nationale de 90 % (actuellement entre 75 % et 100 % selon les villes).<\/li>\n<li>Ainsi, le Maroc est \u00e0 la recherche d&#8217;expertises dans les domaines suivants : l&#8217;assainissement, le traitement des effluents, le traitement des odeurs et de l&#8217;air, le nettoyage industriel, le traitement des gaz et des fum\u00e9es, les \u00e9quipements et la valorisation des d\u00e9chets.<\/li>\n<li><\/li>\n<li><\/li>\n<li><u><b>Salons de r\u00e9f\u00e9rence<\/b><\/u>:<\/li>\n<li><b>Pour en savoir plus, <\/b><u><b>nous contacter<\/b><\/u><\/li>\n<li><\/li>\n<\/ul>\n","protected":false},"excerpt":{"rendered":"<p>Le volume des d\u00e9chets produits au Maroc a plus que doubl\u00e9 depuis un demi-si\u00e8cle et devrait atteindre 12 millions de tonnes en 2020. De nombreux programmes en cours de mise en \u0153uvre ont pour objet d&#8217;am\u00e9liorer structurellement les modes de gestion dans les domaines du traitement de l&#8217;eau et des d\u00e9chets. Il s&#8217;agit, pour l&#8217;eau, [&hellip;]<\/p>\n","protected":false},"author":1,"featured_media":0,"parent":9529,"menu_order":0,"comment_status":"closed","ping_status":"closed","template":"","meta":[],"_links":{"self":[{"href":"https:\/\/www.marocnow.ma\/index.php\/wp-json\/wp\/v2\/pages\/9511"}],"collection":[{"href":"https:\/\/www.marocnow.ma\/index.php\/wp-json\/wp\/v2\/pages"}],"about":[{"href":"https:\/\/www.marocnow.ma\/index.php\/wp-json\/wp\/v2\/types\/page"}],"author":[{"embeddable":true,"href":"https:\/\/www.marocnow.ma\/index.php\/wp-json\/wp\/v2\/users\/1"}],"replies":[{"embeddable":true,"href":"https:\/\/www.marocnow.ma\/index.php\/wp-json\/wp\/v2\/comments?post=9511"}],"version-history":[{"count":2,"href":"https:\/\/www.marocnow.ma\/index.php\/wp-json\/wp\/v2\/pages\/9511\/revisions"}],"predecessor-version":[{"id":9587,"href":"https:\/\/www.marocnow.ma\/index.php\/wp-json\/wp\/v2\/pages\/9511\/revisions\/9587"}],"up":[{"embeddable":true,"href":"https:\/\/www.marocnow.ma\/index.php\/wp-json\/wp\/v2\/pages\/9529"}],"wp:attachment":[{"href":"https:\/\/www.marocnow.ma\/index.php\/wp-json\/wp\/v2\/media?parent=9511"}],"curies":[{"name":"wp","href":"https:\/\/api.w.org\/{rel}","templated":true}]}}