{"id":9505,"date":"2017-10-03T07:48:45","date_gmt":"2017-10-03T05:48:45","guid":{"rendered":"http:\/\/www.doithosting.net\/marocnow\/?page_id=9505"},"modified":"2017-10-05T08:57:45","modified_gmt":"2017-10-05T06:57:45","slug":"industrie-ferroviaire","status":"publish","type":"page","link":"https:\/\/www.marocnow.ma\/index.php\/opportunites-daffaires-au-maroc\/industrie-ferroviaire\/","title":{"rendered":"Industrie ferroviaire"},"content":{"rendered":"<ul>\n<li><img loading=\"lazy\" class=\"size-medium wp-image-9573 alignright\" src=\"http:\/\/www.doithosting.net\/marocnow\/wp-content\/uploads\/2017\/10\/img_post-300x300.png\" alt=\"\" width=\"300\" height=\"300\" srcset=\"https:\/\/www.marocnow.ma\/wp-content\/uploads\/2017\/10\/img_post-300x300.png 300w, https:\/\/www.marocnow.ma\/wp-content\/uploads\/2017\/10\/img_post-150x150.png 150w, https:\/\/www.marocnow.ma\/wp-content\/uploads\/2017\/10\/img_post-180x180.png 180w, https:\/\/www.marocnow.ma\/wp-content\/uploads\/2017\/10\/img_post.png 344w\" sizes=\"(max-width: 300px) 100vw, 300px\" \/>L\u2019Industrie ferroviaire marocaine est en plein essor et les plus grands op\u00e9rateurs mondiaux s\u2019y sont d\u00e9j\u00e0 implant\u00e9s: Alstom, Colas Rail, SNCF,\u2026<\/li>\n<li>Le r\u00e9seau ferroviaire marocain est l\u2019un des plus moderne et d\u00e9velopp\u00e9 de l\u2019Afrique et sera le premier du continent \u00e0 int\u00e9grer une ligne de TGV qui sera op\u00e9rationnelle au premier trimestre de 2018 et desservira Tanger, Rabat, Casablanca et Agadir.<\/li>\n<li>Le secteur ferroviaire du Maroc dispose d\u2019un fort potentiel de croissance dans l\u2019am\u00e9lioration et le d\u00e9veloppement de son r\u00e9seau, et, l\u2019int\u00e9gration de la billetterie automatique,<\/li>\n<li>Le Maroc ambitionne l\u2019instauration d\u2019un \u00e9cosyst\u00e8me ferroviaire performant avec comme objectif \u00e0 l\u2019horizon 2020, la cr\u00e9ation de 500 000 nouveaux emplois.<\/li>\n<li>Par ailleurs, l\u2019Office nationale des chemins de fer (ONCF) pr\u00e9voit une externalisation totale de la maintenance de 47 locomotives, la r\u00e9alisation au Maroc de 300 voitures, dont 60 en cours, la fabrication de la quasi-totalit\u00e9 du parc wagons (environ 5000), la fabrication de 18 locomotives, la cr\u00e9ation des tron\u00e7ons Marrakech-Casa et Marrakech-Agadir.<\/li>\n<li>L\u2019objectif du Plan Rail Maroc 2040 est d\u2019accompagner, d\u2019une part, le d\u00e9veloppement socio-\u00e9conomique du Maroc et, d\u2019autre part, de contribuer \u00e0 l\u2019am\u00e9lioration de la comp\u00e9titivit\u00e9 des secteurs productifs.<\/li>\n<li><\/li>\n<li><u><b>Salons de r\u00e9f\u00e9rence<\/b><\/u>:<\/li>\n<li><b>Pour en savoir plus, <\/b><u><b>nous contacter<\/b><\/u><\/li>\n<\/ul>\n","protected":false},"excerpt":{"rendered":"<p>L\u2019Industrie ferroviaire marocaine est en plein essor et les plus grands op\u00e9rateurs mondiaux s\u2019y sont d\u00e9j\u00e0 implant\u00e9s: Alstom, Colas Rail, SNCF,\u2026 Le r\u00e9seau ferroviaire marocain est l\u2019un des plus moderne et d\u00e9velopp\u00e9 de l\u2019Afrique et sera le premier du continent \u00e0 int\u00e9grer une ligne de TGV qui sera op\u00e9rationnelle au premier trimestre de 2018 et [&hellip;]<\/p>\n","protected":false},"author":1,"featured_media":0,"parent":9499,"menu_order":0,"comment_status":"closed","ping_status":"closed","template":"","meta":[],"_links":{"self":[{"href":"https:\/\/www.marocnow.ma\/index.php\/wp-json\/wp\/v2\/pages\/9505"}],"collection":[{"href":"https:\/\/www.marocnow.ma\/index.php\/wp-json\/wp\/v2\/pages"}],"about":[{"href":"https:\/\/www.marocnow.ma\/index.php\/wp-json\/wp\/v2\/types\/page"}],"author":[{"embeddable":true,"href":"https:\/\/www.marocnow.ma\/index.php\/wp-json\/wp\/v2\/users\/1"}],"replies":[{"embeddable":true,"href":"https:\/\/www.marocnow.ma\/index.php\/wp-json\/wp\/v2\/comments?post=9505"}],"version-history":[{"count":2,"href":"https:\/\/www.marocnow.ma\/index.php\/wp-json\/wp\/v2\/pages\/9505\/revisions"}],"predecessor-version":[{"id":9585,"href":"https:\/\/www.marocnow.ma\/index.php\/wp-json\/wp\/v2\/pages\/9505\/revisions\/9585"}],"up":[{"embeddable":true,"href":"https:\/\/www.marocnow.ma\/index.php\/wp-json\/wp\/v2\/pages\/9499"}],"wp:attachment":[{"href":"https:\/\/www.marocnow.ma\/index.php\/wp-json\/wp\/v2\/media?parent=9505"}],"curies":[{"name":"wp","href":"https:\/\/api.w.org\/{rel}","templated":true}]}}