{"id":9501,"date":"2017-10-03T07:47:36","date_gmt":"2017-10-03T05:47:36","guid":{"rendered":"http:\/\/www.doithosting.net\/marocnow\/?page_id=9501"},"modified":"2017-10-05T08:57:16","modified_gmt":"2017-10-05T06:57:16","slug":"industrie-electronique","status":"publish","type":"page","link":"https:\/\/www.marocnow.ma\/index.php\/opportunites-daffaires-au-maroc\/industrie-electronique\/","title":{"rendered":"Industrie \u00e9lectronique"},"content":{"rendered":"<p><img loading=\"lazy\" class=\"size-medium wp-image-9573 alignright\" src=\"http:\/\/www.doithosting.net\/marocnow\/wp-content\/uploads\/2017\/10\/img_post-300x300.png\" alt=\"\" width=\"300\" height=\"300\" srcset=\"https:\/\/www.marocnow.ma\/wp-content\/uploads\/2017\/10\/img_post-300x300.png 300w, https:\/\/www.marocnow.ma\/wp-content\/uploads\/2017\/10\/img_post-150x150.png 150w, https:\/\/www.marocnow.ma\/wp-content\/uploads\/2017\/10\/img_post-180x180.png 180w, https:\/\/www.marocnow.ma\/wp-content\/uploads\/2017\/10\/img_post.png 344w\" sizes=\"(max-width: 300px) 100vw, 300px\" \/>L\u2019\u00e9lectronique de sp\u00e9cialit\u00e9\/int\u00e9gr\u00e9e conna\u00eet un d\u00e9veloppement soutenu ces derni\u00e8res ann\u00e9es avec des opportunit\u00e9s grandissantes dans le domaine de la sous-traitance (produits \u00e0 forte valeur ajout\u00e9e, sous-traitants mieux int\u00e9gr\u00e9s, \u00e9lectronique dans l\u2019automobile, l\u2019a\u00e9ronautique, le ferroviaire, les \u00e9nergies renouvelables et la d\u00e9fense).<\/p>\n<p>L\u2019industrie \u00e9lectronique marocaine draine aussi une partie offshorable importante de l\u2019\u00e9lectronique de l\u2019Europe de l\u2019Ouest. Cette situation incite \u00e0 l\u2019\u00e9mergence de nouvelles fili\u00e8res \u00e0 forte valeur ajout\u00e9e telles que le lighting et l\u2019efficacit\u00e9 \u00e9nerg\u00e9tique, les composants \u00e9lectriques, les \u00e9quipement de s\u00e9curit\u00e9 et les \u00e9nergies renouvelables.<\/p>\n<p>L\u2019industrie \u00e9lectronique marocaine b\u00e9n\u00e9ficie d\u2019une main d&#8217;\u0153uvre qualifi\u00e9e, abondante et bon march\u00e9. Le secteur est aujourd\u2019hui orient\u00e9 vers l\u2019assemblage de cartes, le c\u00e2blage, la fabrication de composants \u00e9lectroniques et le montage de circuits int\u00e9gr\u00e9s, en particulier pour les secteurs automobile et a\u00e9ronautique (\u00e9lectronique embarqu\u00e9e).<\/p>\n<p>Pour \u00e9lever encore davantage son positionnement dans l&#8217;\u00e9lectronique, le Maroc a d\u00e9cid\u00e9 d\u2019accompagner, de mani\u00e8re prioritaire, ce secteur par la mise en place d\u2019une offre ax\u00e9e sur le d\u00e9veloppement de l\u2019\u00e9lectronique de sp\u00e9cialit\u00e9, permettant au pays de devenir une plateforme de production et d\u2019exportation vers l\u2019Europe.<\/p>\n<p><u><b>Entreprises implant\u00e9es au Maroc:<\/b><\/u> Eolane<\/p>\n<p><u><b>Salons de r\u00e9f\u00e9rence:<\/b><\/u><\/p>\n<p><b>Pour en savoir plus, <\/b><u><b>nous contacter<\/b><\/u><\/p>\n","protected":false},"excerpt":{"rendered":"<p>L\u2019\u00e9lectronique de sp\u00e9cialit\u00e9\/int\u00e9gr\u00e9e conna\u00eet un d\u00e9veloppement soutenu ces derni\u00e8res ann\u00e9es avec des opportunit\u00e9s grandissantes dans le domaine de la sous-traitance (produits \u00e0 forte valeur ajout\u00e9e, sous-traitants mieux int\u00e9gr\u00e9s, \u00e9lectronique dans l\u2019automobile, l\u2019a\u00e9ronautique, le ferroviaire, les \u00e9nergies renouvelables et la d\u00e9fense). L\u2019industrie \u00e9lectronique marocaine draine aussi une partie offshorable importante de l\u2019\u00e9lectronique de l\u2019Europe de l\u2019Ouest. [&hellip;]<\/p>\n","protected":false},"author":1,"featured_media":0,"parent":9499,"menu_order":0,"comment_status":"closed","ping_status":"closed","template":"","meta":[],"_links":{"self":[{"href":"https:\/\/www.marocnow.ma\/index.php\/wp-json\/wp\/v2\/pages\/9501"}],"collection":[{"href":"https:\/\/www.marocnow.ma\/index.php\/wp-json\/wp\/v2\/pages"}],"about":[{"href":"https:\/\/www.marocnow.ma\/index.php\/wp-json\/wp\/v2\/types\/page"}],"author":[{"embeddable":true,"href":"https:\/\/www.marocnow.ma\/index.php\/wp-json\/wp\/v2\/users\/1"}],"replies":[{"embeddable":true,"href":"https:\/\/www.marocnow.ma\/index.php\/wp-json\/wp\/v2\/comments?post=9501"}],"version-history":[{"count":2,"href":"https:\/\/www.marocnow.ma\/index.php\/wp-json\/wp\/v2\/pages\/9501\/revisions"}],"predecessor-version":[{"id":9583,"href":"https:\/\/www.marocnow.ma\/index.php\/wp-json\/wp\/v2\/pages\/9501\/revisions\/9583"}],"up":[{"embeddable":true,"href":"https:\/\/www.marocnow.ma\/index.php\/wp-json\/wp\/v2\/pages\/9499"}],"wp:attachment":[{"href":"https:\/\/www.marocnow.ma\/index.php\/wp-json\/wp\/v2\/media?parent=9501"}],"curies":[{"name":"wp","href":"https:\/\/api.w.org\/{rel}","templated":true}]}}