{"id":9499,"date":"2017-10-03T07:47:17","date_gmt":"2017-10-03T05:47:17","guid":{"rendered":"http:\/\/www.doithosting.net\/marocnow\/?page_id=9499"},"modified":"2017-10-31T16:06:59","modified_gmt":"2017-10-31T15:06:59","slug":"opportunites-daffaires-au-maroc","status":"publish","type":"page","link":"https:\/\/www.marocnow.ma\/index.php\/opportunites-daffaires-au-maroc\/","title":{"rendered":"Opportunit\u00e9s d\u2019affaires au Maroc"},"content":{"rendered":"<p>L\u2019attractivit\u00e9 du Maroc (comp\u00e9titivit\u00e9, climat des affaires favorable, mod\u00e8le de croissance \u00e9conomique \u00e0 forte valeur ajout\u00e9e et plurisectoriel, protection des investissements \u00e9trangers, \u00e9mergence d\u2019une classe moyenne, plateforme commerciale, industrielle et technologique pour les autres pays africains et des pays de moyen orient, \u2026) pr\u00e9sente de nombreuses opportunit\u00e9s d\u2019affaires pour tout type d\u2019entreprises, dans tous les secteurs d\u2019activit\u00e9s et en particulier dans ceux promus par les strat\u00e9gies sectorielles des pouvoirs publics marocains :<\/p>\n<table width=\"789\">\n<tbody>\n<tr>\n<td width=\"135\"><b>Secteurs<\/b><\/td>\n<td width=\"143\"><b>Strat\u00e9gie<\/b><\/td>\n<td width=\"510\"><b>Objectifs<\/b><\/td>\n<\/tr>\n<tr>\n<td width=\"135\"><b>Industrie<\/b><\/td>\n<td width=\"143\">Pacte National pour l\u2019Emergence Industrielle (PNEI)<\/td>\n<td width=\"510\">D\u00e9veloppement des M\u00e9tiers Mondiaux du Maroc (offshoring, suivi du Plan National d\u2019Acc\u00e9l\u00e9ration automobile, \u00e9lectronique, a\u00e9ronautique, textile et cuir, Industrielle agroalimentaire, IMME, chimie-parachimie, pharmaceutique) et am\u00e9nagement de 22 Plates-formes Industrielles Int\u00e9gr\u00e9es (P2I).<\/p>\n<p>Cr\u00e9ation d\u2019\u00e9cosyst\u00e8mes industriels, r\u00e9duction du poids de l\u2019informel, cr\u00e9ation d\u2019un fonds de d\u00e9veloppement industriel.<\/td>\n<\/tr>\n<tr>\n<td width=\"135\"><b>Agriculture<\/b><\/td>\n<td width=\"143\">Maroc Vert<\/td>\n<td width=\"510\">D\u00e9veloppement d&#8217;une agriculture moderne et comp\u00e9titive.<\/td>\n<\/tr>\n<tr>\n<td width=\"135\"><b>Tourisme<\/b><\/td>\n<td width=\"143\">Vision 2020<\/td>\n<td width=\"510\">Am\u00e9nagement de plusieurs zones baln\u00e9aires<\/p>\n<p>Promotion du tourisme durable et de niche.<\/td>\n<\/tr>\n<tr>\n<td width=\"135\"><b>Commerce<\/b><\/td>\n<td width=\"143\">Rawaj<\/td>\n<td width=\"510\">Assurer au consommateur une offre produit diversifi\u00e9e et de qualit\u00e9 \/ Accompagner les acteurs dans leur d\u00e9veloppement.<\/td>\n<\/tr>\n<tr>\n<td width=\"135\"><b>P\u00eache<\/b><\/td>\n<td width=\"143\">Halieutis<\/td>\n<td width=\"510\">Valorisation des produits de la p\u00eache et modernisation des unit\u00e9s productives.<\/td>\n<\/tr>\n<tr>\n<td width=\"135\"><b>Nouvelles Technologies<\/b><\/td>\n<td width=\"143\">Maroc Numeric 2022<\/td>\n<td width=\"510\">Prolongement du plan Maroc Numeric 2013 pour le d\u00e9ploiement et la dynamisation des technologies de l&#8217;information et de la communication.<\/td>\n<\/tr>\n<tr>\n<td width=\"135\"><b>Logistique<\/b><\/td>\n<td width=\"143\">Strat\u00e9gie logistique nationale<\/td>\n<td width=\"510\">Am\u00e9nagement de zones logistiques multi-flux.<\/td>\n<\/tr>\n<tr>\n<td width=\"135\"><b>Energie<\/b><\/td>\n<td width=\"143\">Plan Energie 2030<\/td>\n<td width=\"510\">Promotion des \u00e9nergies renouvelables et de l\u2019efficacit\u00e9 \u00e9nerg\u00e9tique<\/td>\n<\/tr>\n<\/tbody>\n<\/table>\n<p><a href=\"http:\/\/www.marocnow.ma\/index.php\/opportunites-daffaires-sectorielles\/\">Industrie \u00e9lectronique, Industrie a\u00e9ronautique, Industrie ferroviaire, BTP, Agroalimentaire, le papier et le carton (en cours de r\u00e9daction), le Sport (en cours de r\u00e9daction), la Plasturgie (en cours de r\u00e9daction), l\u2019Exploitation mini\u00e8re (en cours de r\u00e9daction), Traitement des eaux et des d\u00e9chets, Energies renouvelables et efficacit\u00e9 \u00e9nerg\u00e9tique, Enseignement, Formation professionnelle, Commerce et distribution moderne, Sant\u00e9, NTIC, Agriculture, Tourisme, Immobilier(en cours de r\u00e9daction), Industries automobiles, Logistique et transport (en cours de r\u00e9daction), \u2026<\/a><\/p>\n<p><b>Pour en savoir plus, <\/b><u><b><a href=\"http:\/\/www.marocnow.ma\/index.php\/contact\/\">nous contacter<\/a><\/b><\/u> <\/p>\n","protected":false},"excerpt":{"rendered":"<p>L\u2019attractivit\u00e9 du Maroc (comp\u00e9titivit\u00e9, climat des affaires favorable, mod\u00e8le de croissance \u00e9conomique \u00e0 forte valeur ajout\u00e9e et plurisectoriel, protection des investissements \u00e9trangers, \u00e9mergence d\u2019une classe moyenne, plateforme commerciale, industrielle et technologique pour les autres pays africains et des pays de moyen orient, \u2026) pr\u00e9sente de nombreuses opportunit\u00e9s d\u2019affaires pour tout type d\u2019entreprises, dans tous les [&hellip;]<\/p>\n","protected":false},"author":1,"featured_media":0,"parent":0,"menu_order":0,"comment_status":"closed","ping_status":"closed","template":"","meta":[],"_links":{"self":[{"href":"https:\/\/www.marocnow.ma\/index.php\/wp-json\/wp\/v2\/pages\/9499"}],"collection":[{"href":"https:\/\/www.marocnow.ma\/index.php\/wp-json\/wp\/v2\/pages"}],"about":[{"href":"https:\/\/www.marocnow.ma\/index.php\/wp-json\/wp\/v2\/types\/page"}],"author":[{"embeddable":true,"href":"https:\/\/www.marocnow.ma\/index.php\/wp-json\/wp\/v2\/users\/1"}],"replies":[{"embeddable":true,"href":"https:\/\/www.marocnow.ma\/index.php\/wp-json\/wp\/v2\/comments?post=9499"}],"version-history":[{"count":6,"href":"https:\/\/www.marocnow.ma\/index.php\/wp-json\/wp\/v2\/pages\/9499\/revisions"}],"predecessor-version":[{"id":9764,"href":"https:\/\/www.marocnow.ma\/index.php\/wp-json\/wp\/v2\/pages\/9499\/revisions\/9764"}],"wp:attachment":[{"href":"https:\/\/www.marocnow.ma\/index.php\/wp-json\/wp\/v2\/media?parent=9499"}],"curies":[{"name":"wp","href":"https:\/\/api.w.org\/{rel}","templated":true}]}}