{"id":9497,"date":"2017-10-03T07:45:42","date_gmt":"2017-10-03T05:45:42","guid":{"rendered":"http:\/\/www.doithosting.net\/marocnow\/?page_id=9497"},"modified":"2021-08-27T18:27:34","modified_gmt":"2021-08-27T16:27:34","slug":"services-sur-mesure-selon-votre-strategie-dimplantation-2","status":"publish","type":"page","link":"https:\/\/www.marocnow.ma\/index.php\/services-sur-mesure-selon-votre-strategie-dimplantation-2\/","title":{"rendered":"Services sur mesure selon votre strat\u00e9gie d\u2019implantation"},"content":{"rendered":"<p>[vc_row][vc_column][vc_column_text]Si vous avez cibl\u00e9 le Maroc et\/ou l\u2019Afrique pour y implanter et d\u00e9velopper, tout ou partie de votre entreprise, <b>MarocNow<\/b> peut vous aider \u00e0 concr\u00e9tiser votre projet, en optimisant vos chances de succ\u00e8s, dans les meilleures conditions et les plus brefs d\u00e9lais, quelle que soit la strat\u00e9gie d\u2019implantation que vous choisissez :[\/vc_column_text][vc_tta_accordion active_section=&#8221;-1&#8243;][vc_tta_section title=&#8221;Commercialisation de vos produits et services aupr\u00e8s des entreprises locales&#8221; tab_id=&#8221;1510183079441-65a888f2-2e0a&#8221;][vc_column_text]Participation \u00e0 la d\u00e9finition de la strat\u00e9gie commerciale, adaptation de toute votre documentation (commerciale, technique, administrative, contractuelle), r\u00e9alisation d\u2019actions commerciales BtoB (ciblage, prospection, repr\u00e9sentation commerciale, prise de commandes et vente, suivi des ventes, facturation, livraison, recouvrement des factures, \u2026), information sur le march\u00e9, suivi de la client\u00e8le locale.[\/vc_column_text][\/vc_tta_section][vc_tta_section title=&#8221;Cr\u00e9ation d\u2019une succursale ou d\u2019un bureau de repr\u00e9sentation&#8221; tab_id=&#8221;1510183118494-5b918db8-f338&#8243;][vc_column_text]Recherche des locaux, s\u00e9lection, n\u00e9gociation, r\u00e9novation, am\u00e9nagement et mise en service du foncier.[\/vc_column_text][\/vc_tta_section][vc_tta_section title=&#8221;Cr\u00e9ation d\u2019une filiale commerciale et\/ou industrielle&#8221; tab_id=&#8221;1510183131378-5bc5f687-0aa8&#8243;][vc_column_text]Etude pr\u00e9liminaire de faisabilit\u00e9, cr\u00e9ation de la structure juridique, coordination, suivi, promotion et cr\u00e9dibilisation aupr\u00e8s des acteurs locaux priv\u00e9s et publiques, recherche et obtention de financement et d\u2019aides priv\u00e9s ou publiques, obtention des autorisations administratives, choix de l\u2019emplacement en zone franche ou non, gestion du foncier, gestion du personnel, conseil et soutien juridique, fiscal, administratif, comptable, construction et r\u00e9novation, communication et traduction, identification et s\u00e9lection de fournisseurs locaux, commercialisation au Maroc et en Afrique et \u00e9ventuellement participation \u00e0 la direction de la filiale.[\/vc_column_text][\/vc_tta_section][vc_tta_section title=&#8221;Import-Export&#8221; tab_id=&#8221;1510183140439-1787c2f7-4c5c&#8221;][vc_column_text]Identification, \u00e9tude, s\u00e9lection, pr\u00e9sentation et n\u00e9gociation d\u2019accords avec des partenaires locaux et suivi de la relation sur place en cas de besoin.[\/vc_column_text][\/vc_tta_section][vc_tta_section title=&#8221;Expatriation d\u2019un ou plusieurs salari\u00e9s&#8221; tab_id=&#8221;1510183079364-edf58a72-659d&#8221;][vc_column_text]Faciliter l\u2019accueil, l\u2019int\u00e9gration et l\u2019op\u00e9rativit\u00e9 de l\u2019expatri\u00e9 et mise \u00e0 disposition d\u2019un poste de travail avec tous les services d\u2019un business center.[\/vc_column_text][\/vc_tta_section][\/vc_tta_accordion][vc_column_text]Le choix de votre strat\u00e9gie d\u2019implantation au Maroc d\u00e9pendra de votre degr\u00e9 de motivation pour le pays, de votre volont\u00e9 et capacit\u00e9 d\u2019investissement et du degr\u00e9 de contr\u00f4le que vous souhaiterez exercer : quel que soit votre d\u00e9cision,\u00a0<strong>MarocNow<\/strong>\u00a0vous offre un<strong> \u00ab\u00a0Service professionnel global sur mesure\u00a0\u00bb d\u2019\u00e9tudes, de conseils et de r\u00e9alisations d\u2019implantations et de d\u00e9veloppements d\u2019entreprises au Maroc\u00a0<\/strong>ou dans un autre pays africain, recherchant toujours la solution la plus adapt\u00e9e et tenant en compte les particularit\u00e9s de chaque pays et de chaque march\u00e9.<\/p>\n<p><strong>Pour en savoir plus,\u00a0<\/strong><a href=\"http:\/\/www.marocnow.ma\/index.php\/contact\/\"><strong>nous contacter<\/strong><\/a>[\/vc_column_text][\/vc_column][\/vc_row]<\/p>\n","protected":false},"excerpt":{"rendered":"<p>[vc_row][vc_column][vc_column_text]Si vous avez cibl\u00e9 le Maroc et\/ou l\u2019Afrique pour y implanter et d\u00e9velopper, tout ou partie de votre entreprise, MarocNow peut vous aider \u00e0 concr\u00e9tiser votre projet, en optimisant vos chances de succ\u00e8s, dans les meilleures conditions et les plus brefs d\u00e9lais, quelle que soit la strat\u00e9gie d\u2019implantation que vous choisissez :[\/vc_column_text][vc_tta_accordion active_section=&#8221;-1&#8243;][vc_tta_section title=&#8221;Commercialisation de [&hellip;]<\/p>\n","protected":false},"author":1,"featured_media":0,"parent":0,"menu_order":0,"comment_status":"closed","ping_status":"closed","template":"","meta":[],"_links":{"self":[{"href":"https:\/\/www.marocnow.ma\/index.php\/wp-json\/wp\/v2\/pages\/9497"}],"collection":[{"href":"https:\/\/www.marocnow.ma\/index.php\/wp-json\/wp\/v2\/pages"}],"about":[{"href":"https:\/\/www.marocnow.ma\/index.php\/wp-json\/wp\/v2\/types\/page"}],"author":[{"embeddable":true,"href":"https:\/\/www.marocnow.ma\/index.php\/wp-json\/wp\/v2\/users\/1"}],"replies":[{"embeddable":true,"href":"https:\/\/www.marocnow.ma\/index.php\/wp-json\/wp\/v2\/comments?post=9497"}],"version-history":[{"count":17,"href":"https:\/\/www.marocnow.ma\/index.php\/wp-json\/wp\/v2\/pages\/9497\/revisions"}],"predecessor-version":[{"id":10420,"href":"https:\/\/www.marocnow.ma\/index.php\/wp-json\/wp\/v2\/pages\/9497\/revisions\/10420"}],"wp:attachment":[{"href":"https:\/\/www.marocnow.ma\/index.php\/wp-json\/wp\/v2\/media?parent=9497"}],"curies":[{"name":"wp","href":"https:\/\/api.w.org\/{rel}","templated":true}]}}