{"id":9491,"date":"2017-10-03T07:40:07","date_gmt":"2017-10-03T05:40:07","guid":{"rendered":"http:\/\/www.doithosting.net\/marocnow\/?page_id=9491"},"modified":"2017-10-31T13:33:29","modified_gmt":"2017-10-31T12:33:29","slug":"qui-sommes-nous","status":"publish","type":"page","link":"https:\/\/www.marocnow.ma\/index.php\/qui-sommes-nous\/","title":{"rendered":"Qui sommes nous ?"},"content":{"rendered":"<p><b>MarocNow<\/b><b>, <\/b>soci\u00e9t\u00e9 de droit marocain, install\u00e9e \u00e0 Rabat, pr\u00e9s de la Tour Hassan, offre \u00e0 ses clients Multinationales ou PME\/PMI, situ\u00e9es principalement en Europe, aux Etats-Unis ou en Am\u00e9rique du sud mais aussi au Maroc, de tout secteur d\u2019activit\u00e9, <b>un \u00ab\u00a0Service professionnel global sur mesure\u00a0\u00bb d\u2019\u00e9tudes, de conseils et de r\u00e9alisations d\u2019investissements, d\u2019implantations et de d\u00e9veloppements d\u2019entreprises au Maroc<\/b> ou dans un autre pays africain, recherchant toujours la solution la plus adapt\u00e9e, et, tenant en compte, les particularit\u00e9s de chaque pays et de chaque march\u00e9.<\/p>\n<p>Malgr\u00e9 <u>la tr\u00e8s grande attractivit\u00e9 du Royaume<\/u> comme pays d\u2019investissement:<\/p>\n<p>&#8211;<b>Dynamisme, modernit\u00e9 et stabilit\u00e9 du Royaume<\/b> et efficacit\u00e9 des administrations capables de mener \u00e0 bien des projets complexes;<\/p>\n<p>&#8211;<b>Accueil enthousiaste et chaleureux<\/b> des personnes et des autorit\u00e9s marocaines;<\/p>\n<p>&#8211;<b>Comp\u00e9titivit\u00e9<\/b> en comparaison avec d\u2019autres pays \u00e9mergeants : co\u00fbt, qualit\u00e9, ouverture et disponibilit\u00e9 d\u2019un capital humain jeune, qualifi\u00e9, comp\u00e9tent et parlant plusieurs langues (fran\u00e7ais, anglais et espagnol), co\u00fbts r\u00e9duits du transport et courts d\u00e9lais de livraison compte tenu de la situation g\u00e9ographique;<\/p>\n<p>&#8211;<b>Accompagnement et r\u00f4le moteur des pouvoirs publics<\/b> d\u00e8s le d\u00e9marrage des projets d\u2019implantation (clart\u00e9, d\u00e9termination et ouverture du discours, aides incitatives \u00e0 l\u2019investissement, subventions, mise \u00e0 disposition d\u2019un foncier locatif, logistique, formation professionnelle, \u2026)<\/p>\n<p>&#8211;<b>Am\u00e9lioration constante des infrastructures<\/b> qui permettent d\u00e9j\u00e0 de relier le Nord et le Sud du Royaume par route ou voies ferr\u00e9es de plus en plus rapidement, de nombreux ports, a\u00e9roports, \u00e9cosyst\u00e8me industriel avec toute la cha\u00eene de valeur, zones franches, sites d\u00e9di\u00e9s pour l\u2019Offshoring, plateformes logistiques, offre Telecom de qualit\u00e9 et comp\u00e9titive, \u2026<\/p>\n<p>&#8211;<b>Acc\u00e8s \u00e0 un march\u00e9 de plus de 1000 millions de consommateurs <\/b>du fait des accords de libre-\u00e9change pass\u00e9s avec les \u00c9tats-Unis, la Ligue arabe, l\u2019Union europ\u00e9enne et de nombreux pays africains,<\/p>\n<p>&#8211;<b>Un climat des affaires tr\u00e8s favorable<\/b>: nombreuses opportunit\u00e9s d\u2019affaires dans tous les secteurs d\u2019activit\u00e9s et pour tout type d\u2019entreprises, s\u00e9curit\u00e9 juridique et des personnes, le respect et la protections des investisseurs \u00e9trangers, une \u00e9conomie en plein essor, un environnement social prosp\u00e8re, des personnes industrieuses avec une \u00e9thique de travail, un environnement industriel, pr\u00e9occupation pour les Droits de l\u2019Homme et l\u2019Environnement, mesures fiscales et douani\u00e8res incitatives, march\u00e9 int\u00e9rieure en croissance du fait de l\u2019\u00e9mergence d\u2019une classe moyenne qui appr\u00e9cie beaucoup les produits \u00e9trangers, construction, exploitation et maintenance des \u00e0 un prix comp\u00e9titif, \u2026<\/p>\n<p><b>Investir, s\u2019implanter et se d\u00e9velopper au Maroc peut \u00eatre plus ou moins facile selon le projet, la vision et la strat\u00e9gie de chaque entreprise.<\/b><\/p>\n<p><b>MarocNow<\/b>\u00a0vous recommande d\u2019aborder le march\u00e9 marocain et africain avec la volont\u00e9 de cr\u00e9er une relation durable gagnant\/gagnant, de mettre en avant la valeur ajout\u00e9e \u00e9conomique, technologique, sociale, commerciale et scientifique de vos projets, services et produits et de vous adapter aux contraintes locales en \u00e9volution permanente\u2026<\/p>\n<p><b>La mission de <\/b><b>MarocNow<\/b> est justement de faciliter, s\u00e9curiser et optimiser les chances de succ\u00e8s de vos projets d\u2019implantations et de d\u00e9veloppements au Maroc et en Afrique, en \u00ab\u00a0prenant soin de vous\u00a0\u00bb, de vos int\u00e9r\u00eats et de vos investissements.<\/p>\n<p><b>Pour en savoir plus, <\/b><a href=\"http:\/\/www.marocnow.ma\/index.php\/contact\/\"><u><b>nous contacter<\/b><\/u><\/a><\/p>\n","protected":false},"excerpt":{"rendered":"<p>MarocNow, soci\u00e9t\u00e9 de droit marocain, install\u00e9e \u00e0 Rabat, pr\u00e9s de la Tour Hassan, offre \u00e0 ses clients Multinationales ou PME\/PMI, situ\u00e9es principalement en Europe, aux Etats-Unis ou en Am\u00e9rique du sud mais aussi au Maroc, de tout secteur d\u2019activit\u00e9, un \u00ab\u00a0Service professionnel global sur mesure\u00a0\u00bb d\u2019\u00e9tudes, de conseils et de r\u00e9alisations d\u2019investissements, d\u2019implantations et de [&hellip;]<\/p>\n","protected":false},"author":1,"featured_media":0,"parent":0,"menu_order":0,"comment_status":"closed","ping_status":"closed","template":"","meta":[],"_links":{"self":[{"href":"https:\/\/www.marocnow.ma\/index.php\/wp-json\/wp\/v2\/pages\/9491"}],"collection":[{"href":"https:\/\/www.marocnow.ma\/index.php\/wp-json\/wp\/v2\/pages"}],"about":[{"href":"https:\/\/www.marocnow.ma\/index.php\/wp-json\/wp\/v2\/types\/page"}],"author":[{"embeddable":true,"href":"https:\/\/www.marocnow.ma\/index.php\/wp-json\/wp\/v2\/users\/1"}],"replies":[{"embeddable":true,"href":"https:\/\/www.marocnow.ma\/index.php\/wp-json\/wp\/v2\/comments?post=9491"}],"version-history":[{"count":4,"href":"https:\/\/www.marocnow.ma\/index.php\/wp-json\/wp\/v2\/pages\/9491\/revisions"}],"predecessor-version":[{"id":9762,"href":"https:\/\/www.marocnow.ma\/index.php\/wp-json\/wp\/v2\/pages\/9491\/revisions\/9762"}],"wp:attachment":[{"href":"https:\/\/www.marocnow.ma\/index.php\/wp-json\/wp\/v2\/media?parent=9491"}],"curies":[{"name":"wp","href":"https:\/\/api.w.org\/{rel}","templated":true}]}}